{"id":744,"date":"2015-09-16T21:31:53","date_gmt":"2015-09-16T19:31:53","guid":{"rendered":"http:\/\/www.ipabperiminoridivicenza.it\/?page_id=744"},"modified":"2024-02-23T16:46:04","modified_gmt":"2024-02-23T15:46:04","slug":"regolamento-di-accesso-civico","status":"publish","type":"page","link":"https:\/\/www.ipabperiminoridivicenza.it\/?page_id=744","title":{"rendered":"Regolamenti"},"content":{"rendered":"<p style=\"text-align: justify;\"><span style=\"text-decoration: underline;\"><strong>REGOLAMENTO PER IL FUNZIONAMENTO DELLE SEDUTA DEL CONSIGLIO DI AMMINISTRAZIONE IN VIDEO CONFERENZA<\/strong><\/span><\/p>\n<p style=\"text-align: justify;\">Il Regolamento per il funzionamento delle sedute del Consiglio di Amministrazione in videoconferenza, approvato dal Consiglio di Amministrazione con delibera n\u00b0 7 del 31.03.2021, \u00e8 consultabile e scaricabile al seguente <a href=\"http:\/\/www.ipabperiminoridivicenza.it\/wp-content\/uploads\/2021\/03\/Regolamento-funzionamento-CdA-in-videoconferenza.pdf\">link<\/a>.<\/p>\n<p style=\"text-align: justify;\"><span style=\"text-decoration: underline;\"><strong>REGOLAMENTO INTERNO DI CONTABILITA&#8217;<\/strong><\/span><\/p>\n<p style=\"text-align: justify;\">Il Regolamento interno di contabilit\u00e0, approvato dal Consiglio di Amministrazione con delibera n\u00b0 1 del 21.02.2024, \u00e8 consultabile e scaricabile al seguente <a href=\"http:\/\/www.ipabperiminoridivicenza.it\/wp-content\/uploads\/2024\/02\/Regolamento-di-contabilita-interno-allegato-A-delibera-1_2024.pdf\">link<\/a> .<\/p>\n<p style=\"text-align: justify;\"><span style=\"text-decoration: underline;\"><strong>PROCEDURA DI ACCESSO CIVICO<\/strong><\/span><\/p>\n<p style=\"text-align: justify;\">L&#8217;accesso civico semplice \u00e8 il diritto, in capo a chiunque, di richiedere ad una pubblica amministrazione documenti, informazioni e dati che la pubblica amministrazione stessa ha l&#8217;obbilgo di pubblicare.<\/p>\n<p style=\"text-align: justify;\">Il FOIA (o accesso civico generalizzato) consente invece a chiunqe di richiedere documenti, dati o informazioni ulteriori rispetto a quelli che la pubblica amministrazione ha l&#8217;obbligo di pubblicare.<\/p>\n<p style=\"text-align: justify;\">L&#8217;accesso civico \u00e8 disciplinato dal <a href=\"http:\/\/www.gazzettaufficiale.it\/eli\/id\/2013\/04\/05\/13G00076\/sg\">D.Lgs 14 marzo 2013 n. 33 e smi<\/a> che, all&#8217;art. 1, recita: &#8220;<em>La trasparenza \u00e8 intesa come accessibilit\u00e0 totale dei dati e documenti detenuti dalle Pubbliche Amministrazioni, allo scopo di tutelare i diritti dei cittadini, promuovere la partecipazione degli interessati all&#8217;attivi\u00e0 amministrativa e favorire forme diffuse di controllo sul perseguimento delle funzioni istituzionali e sull&#8217;utilizzo delle risorse pubbliche. La trasparenza, nel rispetto delle disposizioni in materia di segreto di Stato, di segreto d&#8217;ufficio, di segreto statistico e di protezione dei dati personali, concorre ad attuare il principio democratico ed i principi costituzionali di eguaglianza, di imparzialit\u00e0, buon andamento, responsabilit\u00e0, efficacia ed efficienza nell&#8217;utilizzo delle risorse pubbliche, integrit\u00e0 e lealt\u00e0 nel servizio alla nazione. Essa \u00e8 condizione di garanzia delle libert\u00e0 individuali e collettive, nonch\u00e8 dei diritti civili, politici e sociali, integra il diritto ad una buona amministrazione e concorre alla realizzazione di una amministrazione aperta, al servizio del cittadino.<\/em>&#8220;.<\/p>\n<p style=\"text-align: justify;\">L&#8217;esercizio del diritto all&#8217;accesso civico non \u00e8 sottoposto ad alcuna limitazione quanto alla legittimazione soggettiva del richiedente.<\/p>\n<p style=\"text-align: justify;\">Per esercitare il diritto di accesso civico nei rapporti con IPAB per i Minori di Vicenza, \u00e8 sufficiente inviare un&#8217;istanza su carta semplice (anche via mail o PEC) contenente le seguenti informazioni minime:<\/p>\n<ul style=\"text-align: justify;\">\n<li style=\"text-align: justify;\">nome e cognome del richiedente, nonch\u00e8 ogni dato utile per un&#8217;eventuale contatto diretto e per l&#8217;invio di quanto richiesto (recapito telefonico, indirizzo postale, indirizzo mail);<\/li>\n<li style=\"text-align: justify;\">descrizione dei documenti, informazioni, dati per i quali si chiede l&#8217;accesso;<\/li>\n<li style=\"text-align: justify;\">eventuale motivazione;<\/li>\n<li style=\"text-align: justify;\">ogni ulteriore informazione utile ad identificare compiutamente i dati, i documenti o le informazioni richieste.<\/li>\n<\/ul>\n<p style=\"text-align: justify;\">Entro il termine di 30 giorni IPAB per i Minori di Vicenza provveder\u00e0 a rispondere al richiedente, nelle forme e nei modi previsti dal comma 6 dell&#8217;art. 5 del D.Lgs 33\/2013 e smi.<\/p>\n","protected":false},"excerpt":{"rendered":"<p>REGOLAMENTO PER IL FUNZIONAMENTO DELLE SEDUTA DEL CONSIGLIO DI AMMINISTRAZIONE IN VIDEO CONFERENZA Il Regolamento per il funzionamento delle sedute del Consiglio di Amministrazione in videoconferenza, approvato dal Consiglio di&#8230;<\/p>\n","protected":false},"author":2,"featured_media":0,"parent":0,"menu_order":0,"comment_status":"closed","ping_status":"closed","template":"","meta":{"footnotes":""},"_links":{"self":[{"href":"https:\/\/www.ipabperiminoridivicenza.it\/index.php?rest_route=\/wp\/v2\/pages\/744"}],"collection":[{"href":"https:\/\/www.ipabperiminoridivicenza.it\/index.php?rest_route=\/wp\/v2\/pages"}],"about":[{"href":"https:\/\/www.ipabperiminoridivicenza.it\/index.php?rest_route=\/wp\/v2\/types\/page"}],"author":[{"embeddable":true,"href":"https:\/\/www.ipabperiminoridivicenza.it\/index.php?rest_route=\/wp\/v2\/users\/2"}],"replies":[{"embeddable":true,"href":"https:\/\/www.ipabperiminoridivicenza.it\/index.php?rest_route=%2Fwp%2Fv2%2Fcomments&post=744"}],"version-history":[{"count":7,"href":"https:\/\/www.ipabperiminoridivicenza.it\/index.php?rest_route=\/wp\/v2\/pages\/744\/revisions"}],"predecessor-version":[{"id":3482,"href":"https:\/\/www.ipabperiminoridivicenza.it\/index.php?rest_route=\/wp\/v2\/pages\/744\/revisions\/3482"}],"wp:attachment":[{"href":"https:\/\/www.ipabperiminoridivicenza.it\/index.php?rest_route=%2Fwp%2Fv2%2Fmedia&parent=744"}],"curies":[{"name":"wp","href":"https:\/\/api.w.org\/{rel}","templated":true}]}}