{"id":681,"date":"2015-09-16T21:06:43","date_gmt":"2015-09-16T19:06:43","guid":{"rendered":"http:\/\/www.ipabperiminoridivicenza.it\/?page_id=681"},"modified":"2017-02-06T16:59:40","modified_gmt":"2017-02-06T15:59:40","slug":"amministrazione-trasparente","status":"publish","type":"page","link":"https:\/\/www.ipabperiminoridivicenza.it\/?page_id=681","title":{"rendered":"Amministrazione trasparente"},"content":{"rendered":"<p style=\"text-align: justify;\">Il <strong>D. Lgs 33 del 2013<\/strong> &#8216;Riordino della disciplina riguardante gli obblighi di pubblicazione, trasparenza e diffusione di informazioni da parte delle pubbliche amministrazioni&#8221; ha operato un riordino in un unico corpo normativo degli obblighi di pubblicit\u00e0, trasparenza e diffusione di informazioni da parte delle pubbliche amministrazioni, introducendo nuovi obblighi.<\/p>\n<p style=\"text-align: justify;\">La sezione di questo sito \u00e8 conforme allo schema indicato dal decreto e, opportunamente calibrato sulle effettive attivit\u00e0 dell&#8217;Ente, accoglier\u00e0 le informazioni per le quali \u00e8 prevista la pubblicazione.<\/p>\n","protected":false},"excerpt":{"rendered":"<p>Il D. Lgs 33 del 2013 &#8216;Riordino della disciplina riguardante gli obblighi di pubblicazione, trasparenza e diffusione di informazioni da parte delle pubbliche amministrazioni&#8221; ha operato un riordino in un&#8230;<\/p>\n","protected":false},"author":2,"featured_media":0,"parent":0,"menu_order":0,"comment_status":"closed","ping_status":"closed","template":"","meta":{"footnotes":""},"_links":{"self":[{"href":"https:\/\/www.ipabperiminoridivicenza.it\/index.php?rest_route=\/wp\/v2\/pages\/681"}],"collection":[{"href":"https:\/\/www.ipabperiminoridivicenza.it\/index.php?rest_route=\/wp\/v2\/pages"}],"about":[{"href":"https:\/\/www.ipabperiminoridivicenza.it\/index.php?rest_route=\/wp\/v2\/types\/page"}],"author":[{"embeddable":true,"href":"https:\/\/www.ipabperiminoridivicenza.it\/index.php?rest_route=\/wp\/v2\/users\/2"}],"replies":[{"embeddable":true,"href":"https:\/\/www.ipabperiminoridivicenza.it\/index.php?rest_route=%2Fwp%2Fv2%2Fcomments&post=681"}],"version-history":[{"count":4,"href":"https:\/\/www.ipabperiminoridivicenza.it\/index.php?rest_route=\/wp\/v2\/pages\/681\/revisions"}],"predecessor-version":[{"id":1156,"href":"https:\/\/www.ipabperiminoridivicenza.it\/index.php?rest_route=\/wp\/v2\/pages\/681\/revisions\/1156"}],"wp:attachment":[{"href":"https:\/\/www.ipabperiminoridivicenza.it\/index.php?rest_route=%2Fwp%2Fv2%2Fmedia&parent=681"}],"curies":[{"name":"wp","href":"https:\/\/api.w.org\/{rel}","templated":true}]}}