{"id":611,"date":"2015-09-16T19:23:01","date_gmt":"2015-09-16T17:23:01","guid":{"rendered":"http:\/\/www.ipabperiminoridivicenza.it\/?page_id=611"},"modified":"2026-03-10T21:02:49","modified_gmt":"2026-03-10T20:02:49","slug":"nuova-10","status":"publish","type":"page","link":"https:\/\/www.ipabperiminoridivicenza.it\/?page_id=611","title":{"rendered":"Elenco amministratori"},"content":{"rendered":"<p><strong>CONSIGLIO DI AMMINISTRAZIONE<\/strong><\/p>\n<p style=\"text-align: justify;\">Il Consiglio di Amministrazione \u00e8 stato nominato con decreto del Sig. Sindaco di Vicenza, <a href=\"http:\/\/www.ipabperiminoridivicenza.it\/wp-content\/uploads\/2024\/06\/decreto-nomina-CdA-PGN-96332-del-10_06_2024.pdf\">PGN 96332<\/a> del 10.06.2024, per una durata di 5 anni. E&#8217; insediato dal 25.06.2024 ed \u00e8 composto dai Sigg.:<\/p>\n<p style=\"text-align: justify;\"><strong>Isabella Cominato<\/strong> (<a href=\"http:\/\/www.ipabperiminoridivicenza.it\/wp-content\/uploads\/2024\/07\/CV-Isabella-Cominato-2024_V1.pdf\">curriculum vitae<\/a>) &#8211; Presidente<\/p>\n<p><a href=\"http:\/\/www.ipabperiminoridivicenza.it\/wp-content\/uploads\/2026\/03\/candidatura_Cominato_IPAB-minori.pdf\">dichiarazione insussistenza cause di ineleggibilit\u00e0, incompatibilit\u00e0 e inconferibilit\u00e0\u00a0<\/a><\/p>\n<p><a href=\"http:\/\/www.ipabperiminoridivicenza.it\/wp-content\/uploads\/2026\/03\/dichiarazione-2025-Cominato-per-pubblicazione.pdf\">dichiarazione insussistenza cause di ineleggibilit\u00e0, incompatibilit\u00e0 e inconferibilit\u00e0 anno 2025<\/a><\/p>\n<p style=\"text-align: justify;\"><strong>Valter Bettiato Fava<\/strong> (<a href=\"http:\/\/www.ipabperiminoridivicenza.it\/wp-content\/uploads\/2024\/07\/CV-Valter-Bettiato-Fava.pdf\">curriculum vitae<\/a>) &#8211; Vicepresidente<\/p>\n<p><a href=\"http:\/\/www.ipabperiminoridivicenza.it\/wp-content\/uploads\/2026\/03\/candidatura-Bettiato-Fava_IPAB-Minori.pdf\">dichiarazione insussistenza cause di ineleggibilit\u00e0, incompatibilit\u00e0 e inconferibilit\u00e0<\/a><\/p>\n<p><a href=\"http:\/\/www.ipabperiminoridivicenza.it\/wp-content\/uploads\/2026\/03\/dichiarazione-2025-Bettiato-per-pubblicazione.pdf\">dichiarazione insussistenza cause di ineleggibilit\u00e0, incompatibilit\u00e0 e inconferibilit\u00e0 anno 2025<\/a><\/p>\n<p style=\"text-align: justify;\"><strong>Francesca Carli<\/strong> (<a href=\"http:\/\/www.ipabperiminoridivicenza.it\/wp-content\/uploads\/2024\/07\/CV-FRANCESCA-CARLI.pdf\">curriculum vitae<\/a>) &#8211; Consigliere<\/p>\n<p><a href=\"http:\/\/www.ipabperiminoridivicenza.it\/wp-content\/uploads\/2026\/03\/candidatura_Carli_IPAB_Minori.pdf\">dichiarazione insussistenza cause di ineleggibilit\u00e0, incompatibilit\u00e0 e inconferibilit\u00e0<\/a><\/p>\n<p><a href=\"http:\/\/www.ipabperiminoridivicenza.it\/wp-content\/uploads\/2026\/03\/dichiarazione-2025-Carli-per-pubblicazione.pdf\">dichiarazione insussistenza cause di ineleggibilit\u00e0, incompatibilit\u00e0 e inconferibilit\u00e0 anno 2025<\/a><\/p>\n<p>&nbsp;<\/p>\n<p>Ai sensi dell&#8217;art. 12, comma 1, dello Statuto &#8220;<em>gli incarichi di Presidente, Vicepresidente e Consigliere sono gratuiti.<\/em>&#8220;.<\/p>\n<p>I curriculum vitae dei Sigg. Consiglieri sono stati predisposti e forniti dagli interessati.<\/p>\n<p>Le dichiarazioni, firmate in originale, sono assunte al protocollo dell&#8217;Ente.<\/p>\n<p>****************************************<\/p>\n<p><strong>Precedenti mandati amministrativi:<\/strong><\/p>\n<p><em><strong>26.03.2014 &#8211; 26.03.2019 <\/strong><a href=\"http:\/\/www.ipabperiminoridivicenza.it\/wp-content\/uploads\/2017\/02\/decreto-sindacale-di-nomina-CdA.pdf\">(decreto di nomina)<\/a><strong><br \/>\n<\/strong><\/em><\/p>\n<p>Mario Zocche\u00a0 &#8211; Presidente<\/p>\n<p>Renata Min\u00e0 &#8211; Vicepresidente<\/p>\n<p>Annamaria Comin\u00a0 &#8211; Consigliere<\/p>\n<p>Giacomo Rigoni\u00a0 &#8211; Consigliere<\/p>\n<p>Nicola Zamperetti &#8211; Consigliere<\/p>\n<p><em><strong>26.03.2019 &#8211; 10.06.2024 <\/strong>(<a href=\"http:\/\/www.ipabperiminoridivicenza.it\/wp-content\/uploads\/2019\/04\/PGN-48890_2019-decreto_nomina_ipab_minori.pdf\">decreto di nomina<\/a>)<strong><br \/>\n<\/strong><\/em><\/p>\n<p>Gian Pietro Santinon &#8211; Presidente.<\/p>\n<p>Anita Perlotto\u00a0 &#8211; Consigliere, in carica dal 25.10.2022 (decreto del Sig. Sindaco di Vicenza PGN <a href=\"http:\/\/www.ipabperiminoridivicenza.it\/wp-content\/uploads\/2022\/11\/decreto-di-nomina-Consigliere-Anita-Perlotto.pdf\">170079<\/a>).<\/p>\n<p>Paola Pretto &#8211; Consigliere, in carica dal 26.03.2019 al 25.06.2021.<\/p>\n<p>Roberta Girardi &#8211; Consigliere, in carica dal 12.10.2021 (decreto del Sig. Sindaco di Vicenza <a href=\"http:\/\/www.ipabperiminoridivicenza.it\/wp-content\/uploads\/2021\/10\/293672-297531-decreto_nominaper_sito_Girardi.pdf\">PGN 157933<\/a>) al 30.08.2022.<\/p>\n<p>Liliana Zocca &#8211; Vicepresidente, in carica dal 26.03.2019 al 08.06.2023.<\/p>\n","protected":false},"excerpt":{"rendered":"<p>CONSIGLIO DI AMMINISTRAZIONE Il Consiglio di Amministrazione \u00e8 stato nominato con decreto del Sig. Sindaco di Vicenza, PGN 96332 del 10.06.2024, per una durata di 5 anni. E&#8217; insediato dal&#8230;<\/p>\n","protected":false},"author":2,"featured_media":0,"parent":0,"menu_order":0,"comment_status":"closed","ping_status":"closed","template":"","meta":{"footnotes":""},"_links":{"self":[{"href":"https:\/\/www.ipabperiminoridivicenza.it\/index.php?rest_route=\/wp\/v2\/pages\/611"}],"collection":[{"href":"https:\/\/www.ipabperiminoridivicenza.it\/index.php?rest_route=\/wp\/v2\/pages"}],"about":[{"href":"https:\/\/www.ipabperiminoridivicenza.it\/index.php?rest_route=\/wp\/v2\/types\/page"}],"author":[{"embeddable":true,"href":"https:\/\/www.ipabperiminoridivicenza.it\/index.php?rest_route=\/wp\/v2\/users\/2"}],"replies":[{"embeddable":true,"href":"https:\/\/www.ipabperiminoridivicenza.it\/index.php?rest_route=%2Fwp%2Fv2%2Fcomments&post=611"}],"version-history":[{"count":34,"href":"https:\/\/www.ipabperiminoridivicenza.it\/index.php?rest_route=\/wp\/v2\/pages\/611\/revisions"}],"predecessor-version":[{"id":3784,"href":"https:\/\/www.ipabperiminoridivicenza.it\/index.php?rest_route=\/wp\/v2\/pages\/611\/revisions\/3784"}],"wp:attachment":[{"href":"https:\/\/www.ipabperiminoridivicenza.it\/index.php?rest_route=%2Fwp%2Fv2%2Fmedia&parent=611"}],"curies":[{"name":"wp","href":"https:\/\/api.w.org\/{rel}","templated":true}]}}