{"id":253,"date":"2014-10-31T18:57:44","date_gmt":"2014-10-31T17:57:44","guid":{"rendered":"http:\/\/www.ipabperiminoridivicenza.it\/?page_id=253"},"modified":"2021-07-12T19:34:44","modified_gmt":"2021-07-12T17:34:44","slug":"link-utili","status":"publish","type":"page","link":"https:\/\/www.ipabperiminoridivicenza.it\/?page_id=253","title":{"rendered":"Cenni storici"},"content":{"rendered":"<p><span style=\"color: #333333;\">I.P.A.B. per i Minori di Vicenza deriva dalla fusione, avvenuta il 1\u00b0 gennaio 2014 (<a href=\"http:\/\/www.ipabperiminoridivicenza.it\/wp-content\/uploads\/2017\/02\/DDRV-527-del-24_12_2013.pdf\">Decreto Regione del Veneto n\u00b0 527 del 24.12.2013<\/a>), di quattro piccole Opere Pie, operanti a Vicenza da oltre 150 anni: Opera Pia &#8220;Cordellina&#8221;, Ambulatorio Pediatrico &#8220;Principe di Piemonte&#8221;, Colonia Alpina &#8220;Umberto I&#8221; e Opera Pia &#8220;Ospizio Marino&#8221;.<\/span><\/p>\n<p><span style=\"color: #333333;\"><strong>OPERA PIA CORDELLINA<\/strong><\/span><\/p>\n<p><span style=\"color: #333333;\"><strong>L&#8217;istituzione dell&#8217;Opera Pia Cordellina<\/strong><\/span><\/p>\n<p style=\"text-align: justify;\"><span style=\"color: #333333;\">L&#8217;Opera Pia Cordellina viene istituita il 16 marzo 1829 a seguito del <a href=\"http:\/\/www.ipabperiminoridivicenza.it\/wp-content\/uploads\/2017\/02\/OPC_Cordellina.pdf\">lascito<\/a> di Lodovico Cordellina, figlio dell\u2019avvocato veneziano Carlo Cordellina, attraverso il suo esecutore testamentario, Nicol\u00f2 Bissari. Ludovico Cordellina destina all&#8217;Istituto cittadino \u201cCollegio &#8211; convitto\u201d poi chiamato \u201cCordellina\u201d, un notevole patrimonio composto di terreni e altri beni immobili, distribuito non solo in provincia di Vicenza. Tra gli immobili pi\u00f9 significativi vi sono sicuramente villa Cordellina, poi Lombardi, a Montecchio Maggiore, ora di propriet\u00e0 dell\u2019Amministrazione Provinciale di Vicenza, residenza di campagna della famiglia, e palazzo Cordellina, residenza della stessa famiglia, in Contr\u00e0 Riale a Vicenza e attuale sede della Biblioteca Civica Bertoliana.<\/span><\/p>\n<p style=\"text-align: justify;\"><span style=\"color: #333333;\">Oltre ai beni immobili il patrimonio del lascito di Ludovico Cordellina comprendeva anche mobili ed\u00a0opere d\u2019arte di autori famosi ed internazionali, fra i quali i magnifici affreschi di Giambattista Tiepolo; un patrimonio che rese una rendita cospicua, in grado di garantire la lunga esistenza dell&#8217;Istituzione di Pubblica Assistenza e Beneficenza (IPAB) Cordellina, con importanti vantaggi per la comunit\u00e0, soprattutto nel campo scolastico ed educativo, attraverso il convitto-collegio attivo fino al 1929.<\/span><\/p>\n<p style=\"text-align: justify;\"><span class=\"title\" style=\"color: #333333;\"><strong>Carlo Cordellina<\/strong> <\/span><br \/>\n<span style=\"color: #333333;\"> Carlo Cordellina (Venezia 1703, Vicenza 1794) \u00e8 stata una figura emblematica nel suo tempo: giureconsulto affermato si trasfer\u00ec da Venezia, sua citt\u00e0 d&#8217;origine, a Vicenza, sua citt\u00e0 d&#8217;adozione, dove svolse una lunga carriera forense che gli procur\u00f2 fama e ricchezza, privilegi entrambi guadagnati da un uomo sicuro di s\u00e9 e consapevole, da illuminato conservatore qual\u2019era, delle responsabilit\u00e0 imposte all&#8217;epoca al ceto cui apparteneva, la nobilt\u00e0. Fu il promotore della costruzione di villa Cordellina a Montecchio Maggiore, opera dell&#8217;architetto Giorgio Massari e affrescata poi da Giambattista Tiepolo. Proprio la villa di Carlo Cordellina e le ampie strutture collaterali ospiteranno, fino al 1943, il convitto-collegio.<\/span><\/p>\n<p style=\"text-align: justify;\"><span class=\"title\" style=\"color: #333333;\"><strong>Il collegio ieri, oggi e domani<\/strong> <\/span><br \/>\n<span style=\"color: #333333;\"> Il collegio-convitto Opera Pia &#8220;Cordellina&#8221;, nonostante le grandi difficolt\u00e0 economiche ed ambientali, ha proseguito la sua attivit\u00e0 dal 1829 fino ai nostri giorni. Con R.D. 14.09.1914 l&#8217;Opera Pia venne trasformata in Istituto Pubblico di Assistenza e Beneficienza. La successiva trasformazione in IPAB, da parte della Regione del Veneto, vide il suo inserimento nella classe &#8220;B&#8221;, in considerazione della consistenza gestionale ed economico-finanziaria nonch\u00e8 per la tipologia della struttura organizzativa ed amministrativa.<\/span><\/p>\n<p style=\"text-align: justify;\"><span style=\"color: #333333;\">Per rafforzare le attivit\u00e0 e ampliare la capacit\u00e0 della sede di villa Cordellina, nel 1927\u00a0 la Fondazione oper\u00f2 una permuta con il Comune di Vicenza e, cedendo a quest&#8217;ultimo il palazzo Cordellina di contra&#8217; Riale, entr\u00f2 in possesso del complesso di Santa Maria Nova, ove ancora oggi permangono le strutture del glorioso &#8220;Collegio Cordellina&#8221;. Presso questa struttura venne trasferita, da San Marcello, l&#8217;attivit\u00e0 del convitto che cess\u00f2 per\u00f2 ben presto (1929) le sue attivit\u00e0. Di seguito la struttura ospit\u00f2 funzioni militari e, nell&#8217;immediato dopoguerra, la dolorosa pagina dei profughi Istriani, Giuliani e Dalmati.<\/span><\/p>\n<p style=\"text-align: justify;\"><span style=\"color: #333333;\">L&#8217;origine di una cos\u00ec lunga e orgogliosa storia si pu\u00f2 comprendere attraverso la lettura di due linee guida, che hanno sempre accompagnato gli organi amministrativi e decisionali dell&#8217;Ente. In primo luogo la capacit\u00e0 di sapersi adattare ai repentini cambiamenti economico-sociali, specie negli ultimi anni. L\u2019Ente, che fin dal secondo dopoguerra, interveniva a favore di studenti in difficolt\u00e0 sostenendoli con l&#8217;erogazione di borse di studio, ha costantemente adeguato gli scopi, gli strumenti ed i mezzi di intervento, pur mantenendo i propri principi ispiratori a favore dei giovani e della scuola, con particolare riferimento ai meno abbienti. In secondo luogo, attraverso il costante riferimento ai valori fondativi e alla nobile tradizione delle origini, l&#8217;Ente ha voluto e saputo porsi come un attore qualificato e riconoscibile, riuscendo sempre ad accompagnare la Citt\u00e0 nel suo sviluppo. I.P.A.B. per i Minori di Vicenza raccoglie e testimonia oggi una storia ricca ed importante.<\/span><\/p>\n<p align=\"JUSTIFY\"><span style=\"color: #333333;\"><strong>AMBULATORIO PEDIATRICO &#8220;PRINCIPE DI PIEMONTE&#8221;<br \/>\n<\/strong><\/span><\/p>\n<p align=\"JUSTIFY\"><span style=\"color: #333333;\">Viene fondato a Vicenza nel 1906 con lo scopo di assistere i bambini bisognosi, dalla nascita fino all\u2019et\u00e0 scolastica, nonch\u00e8 le loro madri e per diffondere i principi igienici nell\u2019allattamento e nel divezzamento. Eretto Ente Morale con R.D. 31.10.1912, negli anni ha svolto attivit\u00e0 di assistenza socio-sanitaria con la gestione di un ambulatorio pediatrico. Al momento della fusione ha conferito il suo patrimonio a I.P.A.B. per i Minori di Vicenza.<br \/>\n<\/span><\/p>\n<p><span style=\"color: #333333;\"><strong>COLONIA ALPINA &#8220;UMBERTO I&#8221;<br \/>\n<\/strong><\/span><\/p>\n<p align=\"JUSTIFY\"><span style=\"color: #333333;\">Costituita il 25 maggio 1899 presso la sede del Club Alpino Italiano di Vicenza con lo scopo di organizzare soggiorni\u00a0montani finalizzati a combattere la gracilit\u00e0 infantile, fu intitolata al Re Umberto I\u00b0 nel 1900 dopo l\u2019attentato\u00a0mortale del 29 luglio a\u00a0 Monza. I soggiorni montani furono realizzati, a Tonezza del Cimone, fino a tutti gli anni settanta del Novecento, attraverso anche la realizzazione di una sede propria della colonia (1911) e una costante collaborazione con l&#8217;Amministrazione Comunale di Vicenza e altre Istituzioni di beneficienza e carit\u00e0.<\/span><br \/>\n<span style=\"color: #333333;\"> Il 5 febbraio 1981, a fronte delle difficolt\u00e0 gestionali e alle non pi\u00f9 sostenibili spese di adeguamento e manutenzione, fu avviata l&#8217;alienazione degli immobili di propriet\u00e0 a Tonezza del Cimone. Dal 1981, con le rendite derivanti dalle alienazioni e in\u00a0collaborazione con i Servizi Sociali del Comune di Vicenza, i soggiorni climatici montani e marini sono sempre proseguiti, diventando oggi un progetto finanziato dall&#8217;attuale IPAB per i Minori di Vicenza, in collaborazione con la Fondazione Monte di Piet\u00e0.<\/span><\/p>\n<p align=\"JUSTIFY\"><span style=\"color: #333333;\"><strong>OPERA PIA OSPIZIO MARINO<\/strong><\/span><\/p>\n<p align=\"JUSTIFY\"><span style=\"color: #333333;\">Fondata a Vicenza nell\u2019anno 1869 e retta fino al 1906 dal Comitato Provinciale per l\u2019Ospizio Marino Veneto, aveva lo scopo di provvedere alla cura, del tutto o in parte gratuita, dei fanciulli linfatici e scrofolosi appartenenti della Citt\u00e0 di Vicenza\u00a0 e Provincia, attraverso soggiorni marini associati ad una dieta alimentare sostanziosa che consentiva il recupero fisico dei piccoli malati. Eretto a Ente Morale con R.D. del 11.01.1906. Il Consiglio di Amministrazione era composto prevalentemente da medici, di cui sempre almeno uno con specialit\u00e0 in pediatria.<\/span><\/p>\n","protected":false},"excerpt":{"rendered":"<p>I.P.A.B. per i Minori di Vicenza deriva dalla fusione, avvenuta il 1\u00b0 gennaio 2014 (Decreto Regione del Veneto n\u00b0 527 del 24.12.2013), di quattro piccole Opere Pie, operanti a Vicenza&#8230;<\/p>\n","protected":false},"author":2,"featured_media":0,"parent":0,"menu_order":0,"comment_status":"closed","ping_status":"closed","template":"page-fullwidth.php","meta":{"footnotes":""},"_links":{"self":[{"href":"https:\/\/www.ipabperiminoridivicenza.it\/index.php?rest_route=\/wp\/v2\/pages\/253"}],"collection":[{"href":"https:\/\/www.ipabperiminoridivicenza.it\/index.php?rest_route=\/wp\/v2\/pages"}],"about":[{"href":"https:\/\/www.ipabperiminoridivicenza.it\/index.php?rest_route=\/wp\/v2\/types\/page"}],"author":[{"embeddable":true,"href":"https:\/\/www.ipabperiminoridivicenza.it\/index.php?rest_route=\/wp\/v2\/users\/2"}],"replies":[{"embeddable":true,"href":"https:\/\/www.ipabperiminoridivicenza.it\/index.php?rest_route=%2Fwp%2Fv2%2Fcomments&post=253"}],"version-history":[{"count":19,"href":"https:\/\/www.ipabperiminoridivicenza.it\/index.php?rest_route=\/wp\/v2\/pages\/253\/revisions"}],"predecessor-version":[{"id":2998,"href":"https:\/\/www.ipabperiminoridivicenza.it\/index.php?rest_route=\/wp\/v2\/pages\/253\/revisions\/2998"}],"wp:attachment":[{"href":"https:\/\/www.ipabperiminoridivicenza.it\/index.php?rest_route=%2Fwp%2Fv2%2Fmedia&parent=253"}],"curies":[{"name":"wp","href":"https:\/\/api.w.org\/{rel}","templated":true}]}}