{"id":1793,"date":"2018-06-11T10:55:38","date_gmt":"2018-06-11T08:55:38","guid":{"rendered":"http:\/\/www.ipabperiminoridivicenza.it\/?page_id=1793"},"modified":"2018-09-11T15:21:50","modified_gmt":"2018-09-11T13:21:50","slug":"tutela-dei-dati-personali-gdpr","status":"publish","type":"page","link":"https:\/\/www.ipabperiminoridivicenza.it\/?page_id=1793","title":{"rendered":"Tutela dei dati personali &#8211; GDPR"},"content":{"rendered":"<p style=\"text-align: justify;\">IPAB per i Minori di Vicenza da sempre pone particolare attenzione alla tutela dei dati personali di chi, fornitore o utente dei servizi, entra in contatto con la realt\u00e0 amministrativa dell&#8217;Ente.<\/p>\n<p style=\"text-align: justify;\">IPAB per i Minori ha aggiornato (settembre 2018) la propria <em>privacy policy<\/em> al nuovo Regolamento europeo (UE 2016\/679 &#8211; GDPR), garantendo cos\u00ec il rispetto dei principi di responsabilit\u00e0 e trasparenza nel trattamento dei dati personali.<\/p>\n<p style=\"text-align: justify;\">IPAB per i Minori vuole che tutti possano continuare ad usufruire dei servizi offerti in tranquillit\u00e0 e sicurezza, consapevoli del fatto che la protezione dei dati personali rappresenta una priorit\u00e0 per l&#8217;Ente. La raccolta ed il trattamento dei dati saranno sempre improntati ai principi di correttezza, liceit\u00e0, completezza e pertinenza; nessun dato che non sia strettamente necessario verr\u00e0 chiesto all&#8217;utente e nessun dato verr\u00e0 comunicato all&#8217;esterno.<\/p>\n<p style=\"text-align: justify;\"><strong>IPAB per i Minori di Vicenza non prevede in alcun caso la raccolta di dati cd. sensibili<\/strong> (\u201c<em>categorie particolari di dati personali<\/em>\u201d, secondo il Regolamento UE 2016\/679).<\/p>\n<p style=\"text-align: justify;\">Nel dettaglio, per approfondire le modalit\u00e0 di trattamento dei dati, le finalit\u00e0 e le tipologie stesse di dati trattati, nonch\u00e9 i diritti dell&#8217;interessato e le modalit\u00e0 per esercitarli, invitiamo a prendere visione della nuova<strong> informativa sulla privacy<\/strong>, disponibile al seguente link:<\/p>\n<p style=\"text-align: justify;\"><a href=\"http:\/\/www.ipabperiminoridivicenza.it\/wp-content\/uploads\/2018\/09\/allegato-B-informativa-dati-personali.pdf\">INFORMATIVA SULLA PRIVACY<\/a><\/p>\n<p style=\"text-align: justify;\">Il <strong>Titolare del trattamento<\/strong> \u00e8 il Presidente <em>pro tempore<\/em> di IPAB per i Minori di Vicenza, con sede in via Durando 84 \u2013 36100 Vicenza \u2013 tel. 0444.927370 \u2013 PEC: <a href=\"mailto:ipabminorivicenza@legalmail.it\">ipabminorivicenza@legalmail.it<\/a><\/p>\n<p style=\"text-align: justify;\">Il <strong>Responsabile della protezione<\/strong> dei dati (DPO) \u00e8 il Segretario-Direttore <em>pro tempore<\/em> di IPAB per i Minori di Vicenza, con sede in via Durando 84 \u2013 36100 Vicenza \u2013 tel. 0444.927370 \u2013 PEC: <a href=\"mailto:ipabminorivicenza@legalmail.it\">ipabminorivicenza@legalmail.it<\/a><\/p>\n<p style=\"text-align: justify;\">Il <strong>Delegato al trattamento<\/strong> \u00e8 il responsabile dell&#8217;Ufficio di IPAB per i Minori di Vicenza presso il quale \u00e8 incardinato il procedimento e, quale dirigente generale \u00e8 il Segretario-Direttore <em>pro tempore<\/em> di IPAB per i Minori di Vicenza, con sede in via Durando 84 \u2013 36100 Vicenza \u2013 tel. 0444.927370 \u2013 PEC: <a href=\"mailto:ipabminorivicenza@legalmail.it\">ipabminorivicenza@legalmail.it<\/a><\/p>\n","protected":false},"excerpt":{"rendered":"<p>IPAB per i Minori di Vicenza da sempre pone particolare attenzione alla tutela dei dati personali di chi, fornitore o utente dei servizi, entra in contatto con la realt\u00e0 amministrativa&#8230;<\/p>\n","protected":false},"author":1,"featured_media":0,"parent":0,"menu_order":0,"comment_status":"closed","ping_status":"closed","template":"","meta":{"footnotes":""},"_links":{"self":[{"href":"https:\/\/www.ipabperiminoridivicenza.it\/index.php?rest_route=\/wp\/v2\/pages\/1793"}],"collection":[{"href":"https:\/\/www.ipabperiminoridivicenza.it\/index.php?rest_route=\/wp\/v2\/pages"}],"about":[{"href":"https:\/\/www.ipabperiminoridivicenza.it\/index.php?rest_route=\/wp\/v2\/types\/page"}],"author":[{"embeddable":true,"href":"https:\/\/www.ipabperiminoridivicenza.it\/index.php?rest_route=\/wp\/v2\/users\/1"}],"replies":[{"embeddable":true,"href":"https:\/\/www.ipabperiminoridivicenza.it\/index.php?rest_route=%2Fwp%2Fv2%2Fcomments&post=1793"}],"version-history":[{"count":4,"href":"https:\/\/www.ipabperiminoridivicenza.it\/index.php?rest_route=\/wp\/v2\/pages\/1793\/revisions"}],"predecessor-version":[{"id":1865,"href":"https:\/\/www.ipabperiminoridivicenza.it\/index.php?rest_route=\/wp\/v2\/pages\/1793\/revisions\/1865"}],"wp:attachment":[{"href":"https:\/\/www.ipabperiminoridivicenza.it\/index.php?rest_route=%2Fwp%2Fv2%2Fmedia&parent=1793"}],"curies":[{"name":"wp","href":"https:\/\/api.w.org\/{rel}","templated":true}]}}